{"id":1491,"date":"2026-01-26T15:56:57","date_gmt":"2026-01-26T15:56:57","guid":{"rendered":"https:\/\/spinmacho.org\/aplicacao\/"},"modified":"2026-01-30T07:34:32","modified_gmt":"2026-01-30T07:34:32","slug":"app","status":"publish","type":"page","link":"https:\/\/spinmacho.org\/fr\/app\/","title":{"rendered":"App"},"content":{"rendered":"<h1>Spinmacho App<\/h1>\n<p>Spinmacho app est la version mobile du casino Spin Macho qui fonctionne dans votre navigateur sur Android et iOS. Elle donne acc\u00e8s \u00e0 votre compte habituel dans une mise en page con\u00e7ue pour les \u00e9crans tactiles.<\/p>\n<p>L\u2019application fonctionne comme une Progressive Web App (PWA), ce qui vous permet de l\u2019ouvrir via Chrome, Safari ou un autre navigateur moderne sans t\u00e9l\u00e9chargement s\u00e9par\u00e9. L\u2019interface mobile conserve la structure du lobby sur ordinateur : les banni\u00e8res, Gros gains, Top jeux et Tendance maintenant sont affich\u00e9s dans le m\u00eame ordre, et l\u2019acc\u00e8s rapide \u00e0 Casino\/Sports, aux bonus, au compte et aux paiements reste aux m\u00eames emplacements familiers, simplement retravaill\u00e9s pour les \u00e9crans tactiles plus petits. Le solde, les donn\u00e9es de connexion Spinmacho, les favoris et les bonus actifs restent synchronis\u00e9s entre les appareils, et les connexions HTTPS chiffr\u00e9es prot\u00e8gent les connexions et les paiements pendant que vous jouez sur mobile.<\/p>\n<div class=\"banner-wrap\" aria-label=\"Banner\"><img src=\"https:\/\/spinmacho.org\/wp-content\/uploads\/2026\/01\/bAKGkEHsly0esFrKSJw.webp\" class=\"w-100 d-none d-lg-block img-pc main-banner-img\" alt=\"Desktop\" fetchpriority=\"high\" decoding=\"async\"><img src=\"https:\/\/spinmacho.org\/wp-content\/uploads\/2026\/02\/Frame-38.webp\" class=\"w-100 d-none d-md-block d-lg-none main-banner-img\" alt=\"Tablet\" fetchpriority=\"high\" decoding=\"async\"><img src=\"https:\/\/spinmacho.org\/wp-content\/uploads\/2026\/02\/Frame-38.webp\" class=\"w-100 d-md-none\" alt=\"Tablet\" fetchpriority=\"high\" decoding=\"async\"><div class=\"banner-description\">\n<div class=\"banner-title\">Bonus de bienvenue<\/div>\n<p class=\"banner-header-title\">1000 \u20ac<\/p>\n<div class=\"banner-header-AdditionalText\">+ 100 Tours gratuits<\/div>\n<button data-item=\"homepage_banner_link\" class=\"goto m-button m-gradient-border m-button--primary m-button--large banner-button btn-orange\">\n            <div class=\"m-button-content\">\n                <span>Inscrivez-vous d\u00e8s maintenant<\/span>\n                <span><\/span>\n            <\/div>\n        <\/button>\n<\/div>\n<div class=\"WelcomePack\">\n<p><img loading=\"lazy\" decoding=\"async\" class=\"alignnone size-full wp-image-1622\" src=\"https:\/\/spinmacho.org\/wp-content\/uploads\/2026\/01\/welcome-crown-1.svg\" alt=\"welcome crown\" width=\"25\" height=\"26\" \/><\/p>\n<div class=\"WelcomePack-Info\">Cashback hebdomadaire jusqu&rsquo;\u00e0 25 %<\/div>\n<p><img loading=\"lazy\" decoding=\"async\" class=\"alignnone size-full wp-image-1622\" src=\"https:\/\/spinmacho.org\/wp-content\/uploads\/2026\/01\/welcome-crown-1.svg\" alt=\"welcome crown\" width=\"25\" height=\"26\" \/><\/p>\n<\/div>\n<\/div>\n<h2>Fonctionnalit\u00e9s cl\u00e9s de l\u2019application Spin Macho<\/h2>\n<p>Spinmacho app vous permet de g\u00e9rer votre compte de casino sur mobile et d\u2019utiliser les m\u00eames outils que sur le site principal. Vous pouvez ouvrir des jeux, g\u00e9rer les paiements et suivre les bonus actifs sans devoir attendre d\u2019\u00eatre sur un ordinateur.<\/p>\n<p>Le lobby mobile est centr\u00e9 sur les actions rapides : quelques pressions suffisent pour reprendre une machine \u00e0 sous r\u00e9cente, rejoindre une table en direct, participer \u00e0 un tournoi ou v\u00e9rifier un bonus de casino Spin Macho. La caisse et le chat d\u2019assistance restent disponibles depuis chaque \u00e9cran principal, de sorte que vous pouvez d\u00e9poser, demander un retrait ou contacter l\u2019\u00e9quipe pendant une session sans fermer la zone de jeu.<\/p>\n<table>\n<tbody>\n<tr>\n<td>Fonctionnalit\u00e9<\/td>\n<td>D\u00e9tails<\/td>\n<\/tr>\n<tr>\n<td>Biblioth\u00e8que de jeux<\/td>\n<td>Acc\u00e8s aux machines \u00e0 sous, au live casino, aux jeux Crash et aux sports de Spin Macho depuis le m\u00eame lobby que sur ordinateur.<\/td>\n<\/tr>\n<tr>\n<td>Plateformes<\/td>\n<td>Fonctionne dans les navigateurs mobiles sur Android et iOS et peut \u00eatre enregistr\u00e9 comme raccourci PWA sur l\u2019\u00e9cran d\u2019accueil.<\/td>\n<\/tr>\n<tr>\n<td>Interface<\/td>\n<td>Mise en page optimis\u00e9e pour le tactile avec menus clairs, grandes vignettes de jeux et navigation simple en mode portrait.<\/td>\n<\/tr>\n<tr>\n<td>Paiements<\/td>\n<td>Utilisez la caisse standard pour d\u00e9poser et retirer avec Visa, Mastercard, Skrill, Neteller, virement bancaire et cryptomonnaies prises en charge.<\/td>\n<\/tr>\n<tr>\n<td>Synchronisation du compte<\/td>\n<td>Connexion Spinmacho, solde, bonus et progression de fid\u00e9lit\u00e9 partag\u00e9s entre ordinateur et mobile.<\/td>\n<\/tr>\n<tr>\n<td>Performances<\/td>\n<td>Pages l\u00e9g\u00e8res con\u00e7ues pour un chargement rapide et un jeu stable sur les connexions mobiles courantes.<\/td>\n<\/tr>\n<tr>\n<td>S\u00e9curit\u00e9<\/td>\n<td>Connexion HTTPS chiffr\u00e9e, prise en charge de la 2FA et m\u00eames r\u00e8gles de protection que sur le site principal du casino Spinmacho.<\/td>\n<\/tr>\n<tr>\n<td>Support<\/td>\n<td>Acc\u00e8s direct au chat en direct et au Centre d\u2019aide depuis l\u2019interface de l\u2019application lorsqu\u2019une assistance est n\u00e9cessaire.<\/td>\n<\/tr>\n<\/tbody>\n<\/table>\n<p><div class=\"scrollable-content-wrap my-5\"><div class=\"scrollable-content-inner\"><h2>Application Spinmacho pour iOS<\/h2>\n<p>Sur iPhone et iPad, Spin Macho fonctionne comme une application web mobile dans Safari, sans aucun t\u00e9l\u00e9chargement via l\u2019App Store. Le site passe \u00e0 une mise en page adapt\u00e9e \u00e0 iOS avec de grandes vignettes de jeux, des boutons clairs et un acc\u00e8s rapide aux sections comme Casino, Live Casino, Sports, caisse et limites. Toute l\u2019activit\u00e9 passe par une connexion HTTPS chiffr\u00e9e, de sorte que les paiements et les donn\u00e9es personnelles restent prot\u00e9g\u00e9s pendant que vous jouez sur mobile.<\/p>\n<p>Pour garder Spinmacho \u00e0 port\u00e9e de main, vous pouvez cr\u00e9er un raccourci sur l\u2019\u00e9cran d\u2019accueil. Ouvrez le site officiel dans Safari, touchez l\u2019ic\u00f4ne de partage et choisissez \u00ab Ajouter \u00e0 l\u2019\u00e9cran d\u2019accueil \u00bb, puis confirmez le nom. Ensuite, Spin Macho s\u2019ouvre depuis l\u2019ic\u00f4ne dans une fen\u00eatre au style application, ce qui vous permet d\u2019acc\u00e9der aux jeux, aux paiements et aux outils de compte en un seul toucher.<\/p>\n<p><img loading=\"lazy\" decoding=\"async\" class=\"alignnone size-full wp-image-2085\" src=\"https:\/\/spinmacho.org\/wp-content\/uploads\/2026\/01\/App2-4.png\" alt=\"App2\" width=\"1248\" height=\"536\" srcset=\"https:\/\/spinmacho.org\/wp-content\/uploads\/2026\/01\/App2-4.png 1248w, https:\/\/spinmacho.org\/wp-content\/uploads\/2026\/01\/App2-4-300x129.png 300w, https:\/\/spinmacho.org\/wp-content\/uploads\/2026\/01\/App2-4-1024x440.png 1024w, https:\/\/spinmacho.org\/wp-content\/uploads\/2026\/01\/App2-4-768x330.png 768w\" sizes=\"auto, (max-width: 1248px) 100vw, 1248px\" \/><\/p>\n<\/div><\/div><div style=\"clear: both\"><\/div><div class=\"d-flex justify-content-center\"><button data-item=\"decouvrez_link\" data-group=\"website_links\" class=\"goto fw-bold rounded-pill btn btn-orange\" aria-label=\"T\u00e9l\u00e9chargez l&#039;application Spinmacho\" >T\u00e9l\u00e9chargez l&#039;application Spinmacho<\/button><\/div><div class=\"scrollable-content-wrap my-5\"><div class=\"scrollable-content-inner\"><h2>Application mobile pour Android<\/h2>\n<p>Spinmacho app sur Android fonctionne comme une Progressive Web App dans Chrome. Vous ouvrez le casino dans votre navigateur puis vous le conservez comme raccourci sur votre \u00e9cran d\u2019accueil.<\/p>\n<p>Comment configurer Spinmacho sur Android:<\/p>\n<ul>\n<li>Ouvrez Chrome et visitez le site officiel de Spinmacho.<\/li>\n<li>Touchez le menu \u00e0 trois points en haut \u00e0 droite.<\/li>\n<li>S\u00e9lectionnez \u00abAjouter \u00e0 l\u2019\u00e9cran d\u2019accueil\u00bb et confirmez le nom.<\/li>\n<li>Utilisez l\u2019ic\u00f4ne Spin Macho pour ouvrir le casino dans une fen\u00eatre au style application.<\/li>\n<\/ul>\n<p>La PWA Spinmacho donne un acc\u00e8s complet aux machines \u00e0 sous, au live casino, aux jeux Crash et \u00e0 la caisse dans une interface optimis\u00e9e pour le mobile. La PWA remplace la n\u00e9cessit\u00e9 de tout fichier s\u00e9par\u00e9 comme un APK Spinmacho, car elle fonctionne d\u00e9j\u00e0 dans votre navigateur avec des mises \u00e0 jour automatiques et des connexions HTTPS chiffr\u00e9es pour toutes les connexions et tous les paiements.<\/p>\n<h3>Pratiques de s\u00e9curit\u00e9 recommand\u00e9es<\/h3>\n<p>Nous recommandons d\u2019\u00e9tablir l\u2019acc\u00e8s uniquement via le site officiel et de ne pas utiliser de fichiers d\u2019application tiers ni de navigateurs modifi\u00e9s. Gardez votre syst\u00e8me Android et Chrome \u00e0 jour, d\u00e9finissez un verrouillage d\u2019\u00e9cran et \u00e9vitez d\u2019enregistrer des mots de passe sur des appareils partag\u00e9s. Lorsque vous jouez depuis un t\u00e9l\u00e9phone public ou emprunt\u00e9, d\u00e9connectez-vous apr\u00e8s la session et supprimez le raccourci une fois que vous avez termin\u00e9.<\/p>\n<p><img loading=\"lazy\" decoding=\"async\" class=\"alignnone size-full wp-image-2093\" src=\"https:\/\/spinmacho.org\/wp-content\/uploads\/2026\/01\/App6-4.png\" alt=\"App6\" width=\"1248\" height=\"536\" srcset=\"https:\/\/spinmacho.org\/wp-content\/uploads\/2026\/01\/App6-4.png 1248w, https:\/\/spinmacho.org\/wp-content\/uploads\/2026\/01\/App6-4-300x129.png 300w, https:\/\/spinmacho.org\/wp-content\/uploads\/2026\/01\/App6-4-1024x440.png 1024w, https:\/\/spinmacho.org\/wp-content\/uploads\/2026\/01\/App6-4-768x330.png 768w\" sizes=\"auto, (max-width: 1248px) 100vw, 1248px\" \/><\/p>\n<\/div><\/div><div style=\"clear: both\"><\/div><div class=\"d-flex justify-content-center\"><button data-item=\"decouvrez_link\" data-group=\"website_links\" class=\"goto fw-bold rounded-pill btn btn-orange\" aria-label=\"T\u00e9l\u00e9chargez l&#039;application Spinmacho\" >T\u00e9l\u00e9chargez l&#039;application Spinmacho<\/button><\/div><div class=\"scrollable-content-wrap my-5\"><div class=\"scrollable-content-inner\"><h2>Spinmacho no Windows e macOS<\/h2>\n<p>Spinmacho funciona no Windows e macOS diretamente no navegador. Abres o site oficial e obt\u00e9ns um layout de desktop adaptado a ecr\u00e3s maiores.<\/p>\n<p>A interface mant\u00e9m-se clara em port\u00e1teis e monitores, facilitando navegar por slots, seguir mesas de casino ao vivo, gerir pagamentos e carregar documentos para verifica\u00e7\u00e3o. No Chrome, Edge, Firefox ou Safari podes criar um atalho no desktop ou usar a op\u00e7\u00e3o Instalar app. Isto coloca um \u00edcone de atalho no desktop ou na barra de tarefas, permitindo que o casino abra numa janela separada com um \u00fanico clique.<\/p>\n<p><img loading=\"lazy\" decoding=\"async\" class=\"alignnone size-full wp-image-2055\" src=\"https:\/\/spinmacho.org\/wp-content\/uploads\/2026\/01\/desktopsite.webp\" alt=\"desktopsite\" width=\"1248\" height=\"536\" srcset=\"https:\/\/spinmacho.org\/wp-content\/uploads\/2026\/01\/desktopsite.webp 1248w, https:\/\/spinmacho.org\/wp-content\/uploads\/2026\/01\/desktopsite-300x129.webp 300w, https:\/\/spinmacho.org\/wp-content\/uploads\/2026\/01\/desktopsite-1024x440.webp 1024w, https:\/\/spinmacho.org\/wp-content\/uploads\/2026\/01\/desktopsite-768x330.webp 768w\" sizes=\"auto, (max-width: 1248px) 100vw, 1248px\" \/><\/p>\n<\/div><\/div><div style=\"clear: both\"><\/div><div class=\"d-flex justify-content-center\"><button data-item=\"decouvrez_link\" data-group=\"website_links\" class=\"goto fw-bold rounded-pill btn btn-orange\" aria-label=\"T\u00e9l\u00e9chargez l&#039;application Spinmacho\" >T\u00e9l\u00e9chargez l&#039;application Spinmacho<\/button><\/div><div class=\"scrollable-content-wrap my-5\"><div class=\"scrollable-content-inner\"><h2>Foire aux questions (FAQs)<\/h2>\n<h3>Quels navigateurs sont officiellement recommand\u00e9s pour faire fonctionner Spinmacho sur mobile et ordinateur?<\/h3>\n<p>Spinmacho fonctionne dans tout navigateur moderne, vous pouvez donc ouvrir le site et jouer avec l\u2019option que vous utilisez habituellement. Pour de meilleures performances, nous optimisons la plateforme pour les derni\u00e8res versions de Google Chrome, Safari, Mozilla Firefox et Microsoft Edge. Ces navigateurs prennent en charge nos fonctions PWA, les connexions chiffr\u00e9es et les technologies de jeu modernes, ce qui aide le lobby, le live casino et la caisse \u00e0 fonctionner correctement. D\u2019autres navigateurs bas\u00e9s sur Chromium peuvent \u00e9galement bien g\u00e9rer Spinmacho, mais pour l\u2019exp\u00e9rience la plus stable et la prise en charge compl\u00e8te des fonctionnalit\u00e9s, nous recommandons l\u2019un de ces quatre navigateurs.<\/p>\n<h3>Puis-je activer une connexion biom\u00e9trique comme Face ID ou empreinte digitale lorsque j\u2019utilise Spinmacho sur mobile?<\/h3>\n<p>La connexion biom\u00e9trique fonctionne via les outils int\u00e9gr\u00e9s de votre navigateur mobile. Lorsque vous enregistrez vos identifiants de connexion Spinmacho dans le gestionnaire de mots de passe s\u00e9curis\u00e9 de Chrome, Safari ou d\u2019un autre navigateur compatible, le syst\u00e8me peut demander Face ID, Touch ID ou une empreinte digitale avant de remplir votre e-mail et votre mot de passe.<\/p>\n<p>Cette m\u00e9thode acc\u00e9l\u00e8re l\u2019acc\u00e8s tout en gardant vos identifiants prot\u00e9g\u00e9s dans le navigateur plut\u00f4t que dans le raccourci PWA. Si les fonctions biom\u00e9triques ne sont pas disponibles ou sont d\u00e9sactiv\u00e9es sur votre appareil, vous pouvez toujours vous connecter avec votre e-mail et votre mot de passe habituels.<\/p>\n<h3>Comment puis-je vider le cache ou actualiser la PWA Spinmacho si l\u2019interface s\u2019affiche incorrectement?<\/h3>\n<p>Si l\u2019application semble obsol\u00e8te ou si certains \u00e9l\u00e9ments ne se chargent pas, actualisez d\u2019abord la page puis fermez et rouvrez le navigateur. Cela force souvent la PWA \u00e0 r\u00e9cup\u00e9rer la derni\u00e8re version des scripts, des listes de jeux et des images depuis nos serveurs.<\/p>\n<p>Si le probl\u00e8me persiste, vous pouvez effacer les donn\u00e9es du site dans les param\u00e8tres de votre navigateur ou supprimer le raccourci de l\u2019\u00e9cran d\u2019accueil et le recr\u00e9er depuis le site officiel. Ces \u00e9tapes n\u2019affectent pas votre compte, votre solde ou votre historique, mais rechargent la copie locale de l\u2019application.<\/p>\n<h3>Puis-je essayer des jeux en mode d\u00e9mo dans l\u2019application sans me connecter?<\/h3>\n<p>La plupart des machines \u00e0 sous et des jeux instantan\u00e9s prennent en charge le mode d\u00e9mo dans le navigateur mobile et la PWA, ce qui vous permet de tester les fonctionnalit\u00e9s sans utiliser d\u2019argent r\u00e9el. La disponibilit\u00e9 peut d\u00e9pendre de votre r\u00e9gion et du fournisseur ; les titres de casino en direct ne proposent g\u00e9n\u00e9ralement pas de mode d\u00e9mo et n\u00e9cessitent un compte actif.<\/p>\n<h3>Y a-t-il une diff\u00e9rence entre l\u2019ouverture de Spinmacho \u00e0 partir d\u2019une URL dans le navigateur et depuis le raccourci PWA?<\/h3>\n<p>Les deux options se connectent \u00e0 la m\u00eame plateforme Spinmacho, avec des jeux, des paiements et des r\u00e8gles de s\u00e9curit\u00e9 identiques. Ouvrir le site depuis la barre d\u2019adresse utilise un onglet de navigateur normal, tandis que le raccourci PWA lance le casino dans une fen\u00eatre plus cibl\u00e9e de type application avec moins d\u2019\u00e9l\u00e9ments de navigateur visibles. Les ressources mises en cache dans la PWA peuvent \u00e9galement permettre aux \u00e9crans cl\u00e9s de se charger plus rapidement apr\u00e8s la premi\u00e8re visite.<\/p>\n<p>Pour un usage quotidien, nous sugg\u00e9rons de cr\u00e9er le raccourci sur mobile ou sur ordinateur si vous jouez souvent, car cela offre un acc\u00e8s en un seul appui sans avoir \u00e0 chercher le site \u00e0 chaque fois.<\/p>\n<\/div><\/div><\/p>\n","protected":false},"excerpt":{"rendered":"<p>Spinmacho App Spinmacho app est la version mobile du casino Spin Macho qui fonctionne dans votre navigateur sur Android et iOS. Elle donne acc\u00e8s \u00e0 votre compte habituel dans une mise en page con\u00e7ue pour les \u00e9crans tactiles. L\u2019application fonctionne comme une Progressive Web App (PWA), ce qui vous permet de l\u2019ouvrir via Chrome, Safari [&hellip;]<\/p>\n","protected":false},"author":1,"featured_media":0,"parent":0,"menu_order":0,"comment_status":"closed","ping_status":"closed","template":"template-builder.php","meta":{"_acf_changed":false,"inline_featured_image":false,"footnotes":""},"class_list":["post-1491","page","type-page","status-publish","hentry"],"acf":[],"yoast_head":"<!-- This site is optimized with the Yoast SEO plugin v27.3 - https:\/\/yoast.com\/product\/yoast-seo-wordpress\/ -->\n<title>Spinmacho App | Application officielle de casino pour Android &amp; iOS<\/title>\n<meta name=\"description\" content=\"T\u00e9l\u00e9chargez l\u2019application Spinmacho pour jouer aux machines \u00e0 sous et au casino en direct sur Android et iOS. Utilisez un compte synchronis\u00e9 pour le solde, les bonus et les paiements s\u00e9curis\u00e9s.\" \/>\n<meta name=\"robots\" content=\"index, follow, max-snippet:-1, max-image-preview:large, max-video-preview:-1\" \/>\n<link rel=\"canonical\" href=\"https:\/\/spinmacho.org\/fr\/app\/\" \/>\n<meta property=\"og:locale\" content=\"fr_FR\" \/>\n<meta property=\"og:type\" content=\"article\" \/>\n<meta property=\"og:title\" content=\"Spinmacho App | Application officielle de casino pour Android &amp; iOS\" \/>\n<meta property=\"og:description\" content=\"T\u00e9l\u00e9chargez l\u2019application Spinmacho pour jouer aux machines \u00e0 sous et au casino en direct sur Android et iOS. Utilisez un compte synchronis\u00e9 pour le solde, les bonus et les paiements s\u00e9curis\u00e9s.\" \/>\n<meta property=\"og:url\" content=\"https:\/\/spinmacho.org\/fr\/app\/\" \/>\n<meta property=\"og:site_name\" content=\"spinmacho\" \/>\n<meta property=\"article:modified_time\" content=\"2026-01-30T07:34:32+00:00\" \/>\n<meta name=\"twitter:card\" content=\"summary_large_image\" \/>\n<meta name=\"twitter:label1\" content=\"Dur\u00e9e de lecture estim\u00e9e\" \/>\n\t<meta name=\"twitter:data1\" content=\"3 minutes\" \/>\n<script type=\"application\/ld+json\" class=\"yoast-schema-graph\">{\"@context\":\"https:\\\/\\\/schema.org\",\"@graph\":[{\"@type\":\"WebPage\",\"@id\":\"https:\\\/\\\/spinmacho.org\\\/fr\\\/app\\\/\",\"url\":\"https:\\\/\\\/spinmacho.org\\\/fr\\\/app\\\/\",\"name\":\"Spinmacho App | Application officielle de casino pour Android & iOS\",\"isPartOf\":{\"@id\":\"https:\\\/\\\/spinmacho.org\\\/fr\\\/#website\"},\"datePublished\":\"2026-01-26T15:56:57+00:00\",\"dateModified\":\"2026-01-30T07:34:32+00:00\",\"description\":\"T\u00e9l\u00e9chargez l\u2019application Spinmacho pour jouer aux machines \u00e0 sous et au casino en direct sur Android et iOS. Utilisez un compte synchronis\u00e9 pour le solde, les bonus et les paiements s\u00e9curis\u00e9s.\",\"breadcrumb\":{\"@id\":\"https:\\\/\\\/spinmacho.org\\\/fr\\\/app\\\/#breadcrumb\"},\"inLanguage\":\"fr-FR\",\"potentialAction\":[{\"@type\":\"ReadAction\",\"target\":[\"https:\\\/\\\/spinmacho.org\\\/fr\\\/app\\\/\"]}]},{\"@type\":\"BreadcrumbList\",\"@id\":\"https:\\\/\\\/spinmacho.org\\\/fr\\\/app\\\/#breadcrumb\",\"itemListElement\":[{\"@type\":\"ListItem\",\"position\":1,\"name\":\"Spinmacho\",\"item\":\"https:\\\/\\\/spinmacho.org\\\/fr\\\/\"},{\"@type\":\"ListItem\",\"position\":2,\"name\":\"App\"}]},{\"@type\":\"WebSite\",\"@id\":\"https:\\\/\\\/spinmacho.org\\\/fr\\\/#website\",\"url\":\"https:\\\/\\\/spinmacho.org\\\/fr\\\/\",\"name\":\"Spinmacho\",\"description\":\"\",\"publisher\":{\"@id\":\"https:\\\/\\\/spinmacho.org\\\/fr\\\/#organization\"},\"potentialAction\":[{\"@type\":\"SearchAction\",\"target\":{\"@type\":\"EntryPoint\",\"urlTemplate\":\"https:\\\/\\\/spinmacho.org\\\/fr\\\/?s={search_term_string}\"},\"query-input\":{\"@type\":\"PropertyValueSpecification\",\"valueRequired\":true,\"valueName\":\"search_term_string\"}}],\"inLanguage\":\"fr-FR\"},{\"@type\":\"Organization\",\"@id\":\"https:\\\/\\\/spinmacho.org\\\/fr\\\/#organization\",\"name\":\"Spinmacho\",\"url\":\"https:\\\/\\\/spinmacho.org\\\/fr\\\/\",\"logo\":{\"@type\":\"ImageObject\",\"inLanguage\":\"fr-FR\",\"@id\":\"https:\\\/\\\/spinmacho.org\\\/fr\\\/#\\\/schema\\\/logo\\\/image\\\/\",\"url\":\"https:\\\/\\\/spinmacho.org\\\/wp-content\\\/uploads\\\/2025\\\/08\\\/80u1FaquEZeR6OUTeJCc.png\",\"contentUrl\":\"https:\\\/\\\/spinmacho.org\\\/wp-content\\\/uploads\\\/2025\\\/08\\\/80u1FaquEZeR6OUTeJCc.png\",\"width\":115,\"height\":28,\"caption\":\"Spinmacho\"},\"image\":{\"@id\":\"https:\\\/\\\/spinmacho.org\\\/fr\\\/#\\\/schema\\\/logo\\\/image\\\/\"}}]}<\/script>\n<!-- \/ Yoast SEO plugin. -->","yoast_head_json":{"title":"Spinmacho App | Application officielle de casino pour Android & iOS","description":"T\u00e9l\u00e9chargez l\u2019application Spinmacho pour jouer aux machines \u00e0 sous et au casino en direct sur Android et iOS. Utilisez un compte synchronis\u00e9 pour le solde, les bonus et les paiements s\u00e9curis\u00e9s.","robots":{"index":"index","follow":"follow","max-snippet":"max-snippet:-1","max-image-preview":"max-image-preview:large","max-video-preview":"max-video-preview:-1"},"canonical":"https:\/\/spinmacho.org\/fr\/app\/","og_locale":"fr_FR","og_type":"article","og_title":"Spinmacho App | Application officielle de casino pour Android & iOS","og_description":"T\u00e9l\u00e9chargez l\u2019application Spinmacho pour jouer aux machines \u00e0 sous et au casino en direct sur Android et iOS. Utilisez un compte synchronis\u00e9 pour le solde, les bonus et les paiements s\u00e9curis\u00e9s.","og_url":"https:\/\/spinmacho.org\/fr\/app\/","og_site_name":"spinmacho","article_modified_time":"2026-01-30T07:34:32+00:00","twitter_card":"summary_large_image","twitter_misc":{"Dur\u00e9e de lecture estim\u00e9e":"3 minutes"},"schema":{"@context":"https:\/\/schema.org","@graph":[{"@type":"WebPage","@id":"https:\/\/spinmacho.org\/fr\/app\/","url":"https:\/\/spinmacho.org\/fr\/app\/","name":"Spinmacho App | Application officielle de casino pour Android & iOS","isPartOf":{"@id":"https:\/\/spinmacho.org\/fr\/#website"},"datePublished":"2026-01-26T15:56:57+00:00","dateModified":"2026-01-30T07:34:32+00:00","description":"T\u00e9l\u00e9chargez l\u2019application Spinmacho pour jouer aux machines \u00e0 sous et au casino en direct sur Android et iOS. Utilisez un compte synchronis\u00e9 pour le solde, les bonus et les paiements s\u00e9curis\u00e9s.","breadcrumb":{"@id":"https:\/\/spinmacho.org\/fr\/app\/#breadcrumb"},"inLanguage":"fr-FR","potentialAction":[{"@type":"ReadAction","target":["https:\/\/spinmacho.org\/fr\/app\/"]}]},{"@type":"BreadcrumbList","@id":"https:\/\/spinmacho.org\/fr\/app\/#breadcrumb","itemListElement":[{"@type":"ListItem","position":1,"name":"Spinmacho","item":"https:\/\/spinmacho.org\/fr\/"},{"@type":"ListItem","position":2,"name":"App"}]},{"@type":"WebSite","@id":"https:\/\/spinmacho.org\/fr\/#website","url":"https:\/\/spinmacho.org\/fr\/","name":"Spinmacho","description":"","publisher":{"@id":"https:\/\/spinmacho.org\/fr\/#organization"},"potentialAction":[{"@type":"SearchAction","target":{"@type":"EntryPoint","urlTemplate":"https:\/\/spinmacho.org\/fr\/?s={search_term_string}"},"query-input":{"@type":"PropertyValueSpecification","valueRequired":true,"valueName":"search_term_string"}}],"inLanguage":"fr-FR"},{"@type":"Organization","@id":"https:\/\/spinmacho.org\/fr\/#organization","name":"Spinmacho","url":"https:\/\/spinmacho.org\/fr\/","logo":{"@type":"ImageObject","inLanguage":"fr-FR","@id":"https:\/\/spinmacho.org\/fr\/#\/schema\/logo\/image\/","url":"https:\/\/spinmacho.org\/wp-content\/uploads\/2025\/08\/80u1FaquEZeR6OUTeJCc.png","contentUrl":"https:\/\/spinmacho.org\/wp-content\/uploads\/2025\/08\/80u1FaquEZeR6OUTeJCc.png","width":115,"height":28,"caption":"Spinmacho"},"image":{"@id":"https:\/\/spinmacho.org\/fr\/#\/schema\/logo\/image\/"}}]}},"_links":{"self":[{"href":"https:\/\/spinmacho.org\/fr\/wp-json\/wp\/v2\/pages\/1491","targetHints":{"allow":["GET"]}}],"collection":[{"href":"https:\/\/spinmacho.org\/fr\/wp-json\/wp\/v2\/pages"}],"about":[{"href":"https:\/\/spinmacho.org\/fr\/wp-json\/wp\/v2\/types\/page"}],"author":[{"embeddable":true,"href":"https:\/\/spinmacho.org\/fr\/wp-json\/wp\/v2\/users\/1"}],"replies":[{"embeddable":true,"href":"https:\/\/spinmacho.org\/fr\/wp-json\/wp\/v2\/comments?post=1491"}],"version-history":[{"count":4,"href":"https:\/\/spinmacho.org\/fr\/wp-json\/wp\/v2\/pages\/1491\/revisions"}],"predecessor-version":[{"id":2101,"href":"https:\/\/spinmacho.org\/fr\/wp-json\/wp\/v2\/pages\/1491\/revisions\/2101"}],"wp:attachment":[{"href":"https:\/\/spinmacho.org\/fr\/wp-json\/wp\/v2\/media?parent=1491"}],"curies":[{"name":"wp","href":"https:\/\/api.w.org\/{rel}","templated":true}]}}